{"id":143,"date":"2026-05-11T13:21:25","date_gmt":"2026-05-11T13:21:25","guid":{"rendered":"https:\/\/zmiana.cc\/?page_id=143"},"modified":"2026-05-11T16:27:53","modified_gmt":"2026-05-11T16:27:53","slug":"dla-kogo","status":"publish","type":"page","link":"https:\/\/zmiana.cc\/index.php\/dla-kogo\/","title":{"rendered":"DLA KOGO"},"content":{"rendered":"\n<p><strong>Pracuj\u0119 g\u0142\u00f3wnie z firmami:<\/strong><\/p>\n\n\n\n<ul class=\"wp-block-list\">\n<li>produkcyjnymi,<\/li>\n\n\n\n<li>dystrybucyjnymi,<\/li>\n\n\n\n<li>us\u0142ugowymi,<\/li>\n\n\n\n<li>zatrudniaj\u0105cymi 5\u201399 os\u00f3b.<\/li>\n<\/ul>\n\n\n\n<p><strong>Szczeg\u00f3lnie tam, gdzie:<\/strong><\/p>\n\n\n\n<ul class=\"wp-block-list\">\n<li>firma szybko uros\u0142a,<\/li>\n\n\n\n<li>w\u0142a\u015bciciel jest przeci\u0105\u017cony,<\/li>\n\n\n\n<li>procesy nie nad\u0105\u017caj\u0105 za skal\u0105 dzia\u0142alno\u015bci.<\/li>\n<\/ul>\n\n\n\n<p>Je\u015bli widzisz tutaj swoj\u0105 firm\u0119<\/p>\n\n\n<nav class=\"wp-block-navigation is-layout-flex wp-block-navigation-is-layout-flex\" aria-label=\"Social Links Menu\"><ul class=\"wp-block-navigation__container  wp-block-navigation\"><li class=\" wp-block-navigation-item wp-block-navigation-link\"><a class=\"wp-block-navigation-item__content\"  href=\"mailto:andrzej.kowalczuk@zmiana.cc\"><span class=\"wp-block-navigation-item__label\"><strong>Um\u00f3w 30 minutow\u0105 rozmow\u0119 diagnostyczn\u0105<\/strong><\/span><\/a><\/li><\/ul><\/nav>\n\n\n<p><\/p>\n","protected":false},"excerpt":{"rendered":"<p>Pracuj\u0119 g\u0142\u00f3wnie z firmami: Szczeg\u00f3lnie tam, gdzie: Je\u015bli widzisz tutaj swoj\u0105 firm\u0119<\/p>\n","protected":false},"author":1,"featured_media":30,"parent":0,"menu_order":0,"comment_status":"closed","ping_status":"closed","template":"","meta":{"footnotes":""},"class_list":["post-143","page","type-page","status-publish","has-post-thumbnail","hentry"],"_links":{"self":[{"href":"https:\/\/zmiana.cc\/index.php\/wp-json\/wp\/v2\/pages\/143","targetHints":{"allow":["GET"]}}],"collection":[{"href":"https:\/\/zmiana.cc\/index.php\/wp-json\/wp\/v2\/pages"}],"about":[{"href":"https:\/\/zmiana.cc\/index.php\/wp-json\/wp\/v2\/types\/page"}],"author":[{"embeddable":true,"href":"https:\/\/zmiana.cc\/index.php\/wp-json\/wp\/v2\/users\/1"}],"replies":[{"embeddable":true,"href":"https:\/\/zmiana.cc\/index.php\/wp-json\/wp\/v2\/comments?post=143"}],"version-history":[{"count":6,"href":"https:\/\/zmiana.cc\/index.php\/wp-json\/wp\/v2\/pages\/143\/revisions"}],"predecessor-version":[{"id":214,"href":"https:\/\/zmiana.cc\/index.php\/wp-json\/wp\/v2\/pages\/143\/revisions\/214"}],"wp:featuredmedia":[{"embeddable":true,"href":"https:\/\/zmiana.cc\/index.php\/wp-json\/wp\/v2\/media\/30"}],"wp:attachment":[{"href":"https:\/\/zmiana.cc\/index.php\/wp-json\/wp\/v2\/media?parent=143"}],"curies":[{"name":"wp","href":"https:\/\/api.w.org\/{rel}","templated":true}]}}