{"id":149,"date":"2026-05-11T14:02:11","date_gmt":"2026-05-11T14:02:11","guid":{"rendered":"https:\/\/zmiana.cc\/?page_id=149"},"modified":"2026-05-11T16:27:19","modified_gmt":"2026-05-11T16:27:19","slug":"realizacje","status":"publish","type":"page","link":"https:\/\/zmiana.cc\/index.php\/realizacje\/","title":{"rendered":"REALIZACJE"},"content":{"rendered":"\n<p><strong>Drukarnia<\/strong><\/p>\n\n\n\n<p>Problem: \u201eProdukcja nie wyrabia si\u0119 z terminami, a operatorzy maszyn ci\u0105gle gdzie\u015b chodz\u0105\u201d<\/p>\n\n\n\n<p>Co zrobili\u015bmy:<\/p>\n\n\n\n<ul class=\"wp-block-list\">\n<li>analiza procesu,<\/li>\n\n\n\n<li>identyfikacja marnotrawstw<\/li>\n\n\n\n<li>reorganizacja komunikacji operator\u00f3w, eliminacja zb\u0119dnych czynno\u015bci<\/li>\n\n\n\n<li>standaryzacja.<\/li>\n<\/ul>\n\n\n\n<p>Efekt:<\/p>\n\n\n\n<ul class=\"wp-block-list\">\n<li>skr\u00f3cenie czasu produkcji,<\/li>\n\n\n\n<li>mniej b\u0142\u0119d\u00f3w w gniazdach produkcyjnych<\/li>\n\n\n\n<li>wi\u0119ksza przewidywalno\u015b\u0107.<\/li>\n<\/ul>\n\n\n\n<p><strong>Produkcja budowlana<\/strong><\/p>\n\n\n\n<p>Problem: \u201eDokumentacja wysy\u0142kowa dostarczana do dzia\u0142u logistyki niekompletna, b\u0142\u0119dy w wysy\u0142kach\u201d<\/p>\n\n\n\n<p>Co zrobili\u015bmy:<\/p>\n\n\n\n<ul class=\"wp-block-list\">\n<li>analiza obiegu dokument\u00f3w<\/li>\n\n\n\n<li>analiza procesu w systemie ERP<\/li>\n\n\n\n<li>eliminacja niepotrzebnych czynno\u015bci w BOK<\/li>\n\n\n\n<li>otwarcie BOK na narz\u0119dzia dost\u0119pne w ERP<\/li>\n\n\n\n<li>standaryzacja.<\/li>\n<\/ul>\n\n\n\n<p>Efekt:<\/p>\n\n\n\n<ul class=\"wp-block-list\">\n<li>skr\u00f3cenie czasu za\u0142adunk\u00f3w<\/li>\n\n\n\n<li>mniej b\u0142\u0119d\u00f3w podczas wysy\u0142ek<\/li>\n<\/ul>\n\n\n\n<p><strong>Dystrybucja<\/strong><\/p>\n\n\n\n<p>Problem: \u201eHandlowcy nie realizuj\u0105 plan\u00f3w sprzeda\u017cy\u201d<\/p>\n\n\n\n<p>Co zrobili\u015bmy:<\/p>\n\n\n\n<ul class=\"wp-block-list\">\n<li>analiza komunikacji wewn\u0119trznej i zewn\u0119trznej<\/li>\n\n\n\n<li>zmiana systemu obiegu dokument\u00f3w<\/li>\n\n\n\n<li>zmiana roli lidera dzia\u0142u handlowego<\/li>\n\n\n\n<li>wprowadzenie narz\u0119dzi wsparcia i kontroli handlowc\u00f3w<\/li>\n\n\n\n<li>standaryzacja.<\/li>\n<\/ul>\n\n\n\n<p>Efekt:<\/p>\n\n\n\n<ul class=\"wp-block-list\">\n<li>zwi\u0119kszenie liczby szans sprzeda\u017cowych<\/li>\n\n\n\n<li>zwi\u0119kszenie wolumenu sprzeda\u017cy<\/li>\n<\/ul>\n\n\n\n<p><strong>Produkcja<\/strong><\/p>\n\n\n\n<p>Problem: \u201eProdukcja nie wyrabia si\u0119 z terminami, handlowcy nie realizuj\u0105 plan\u00f3w sprzeda\u017c\u201d<\/p>\n\n\n\n<p>Co zrobili\u015bmy:<\/p>\n\n\n\n<ul class=\"wp-block-list\">\n<li>analiza procesu,<\/li>\n\n\n\n<li>analiza portfela produkt\u00f3w<\/li>\n\n\n\n<li>korekta czynno\u015bci mi\u0119dzyoperacyjnych<\/li>\n\n\n\n<li>eliminacja problem\u00f3w zwi\u0105zanych z kanibalizacj\u0105 produkt\u00f3w<\/li>\n\n\n\n<li>standaryzacja.<\/li>\n<\/ul>\n\n\n\n<p>Efekt:<\/p>\n\n\n\n<ul class=\"wp-block-list\">\n<li>zmniejszenie liczby przezbroje\u0144<\/li>\n\n\n\n<li>skr\u00f3cenie czasu produkcji<\/li>\n\n\n\n<li>zmniejszenie nierotuj\u0105cego zapasu<\/li>\n<\/ul>\n\n\n<nav class=\"wp-block-navigation is-layout-flex wp-block-navigation-is-layout-flex\" aria-label=\"Social Links Menu\"><ul class=\"wp-block-navigation__container  wp-block-navigation\"><li class=\" wp-block-navigation-item wp-block-navigation-link\"><a class=\"wp-block-navigation-item__content\"  href=\"mailto:andrzej.kowalczuk@zmiana.cc\"><span class=\"wp-block-navigation-item__label\"><strong>Um\u00f3w 30 minutow\u0105 rozmow\u0119 diagnostyczn\u0105<\/strong><\/span><\/a><\/li><\/ul><\/nav>","protected":false},"excerpt":{"rendered":"<p>Drukarnia Problem: \u201eProdukcja nie wyrabia si\u0119 z terminami, a operatorzy maszyn ci\u0105gle gdzie\u015b chodz\u0105\u201d Co zrobili\u015bmy: Efekt: Produkcja budowlana Problem: \u201eDokumentacja wysy\u0142kowa dostarczana do dzia\u0142u logistyki niekompletna, b\u0142\u0119dy w wysy\u0142kach\u201d Co zrobili\u015bmy: Efekt: Dystrybucja Problem: \u201eHandlowcy nie realizuj\u0105 plan\u00f3w sprzeda\u017cy\u201d Co zrobili\u015bmy: Efekt: Produkcja Problem: \u201eProdukcja nie wyrabia si\u0119 z terminami, handlowcy nie realizuj\u0105 plan\u00f3w &hellip; <\/p>\n<p class=\"link-more\"><a href=\"https:\/\/zmiana.cc\/index.php\/realizacje\/\" class=\"more-link\">Continue reading<span class=\"screen-reader-text\"> &#8220;REALIZACJE&#8221;<\/span><\/a><\/p>\n","protected":false},"author":1,"featured_media":191,"parent":0,"menu_order":0,"comment_status":"closed","ping_status":"closed","template":"","meta":{"footnotes":""},"class_list":["post-149","page","type-page","status-publish","has-post-thumbnail","hentry"],"_links":{"self":[{"href":"https:\/\/zmiana.cc\/index.php\/wp-json\/wp\/v2\/pages\/149","targetHints":{"allow":["GET"]}}],"collection":[{"href":"https:\/\/zmiana.cc\/index.php\/wp-json\/wp\/v2\/pages"}],"about":[{"href":"https:\/\/zmiana.cc\/index.php\/wp-json\/wp\/v2\/types\/page"}],"author":[{"embeddable":true,"href":"https:\/\/zmiana.cc\/index.php\/wp-json\/wp\/v2\/users\/1"}],"replies":[{"embeddable":true,"href":"https:\/\/zmiana.cc\/index.php\/wp-json\/wp\/v2\/comments?post=149"}],"version-history":[{"count":4,"href":"https:\/\/zmiana.cc\/index.php\/wp-json\/wp\/v2\/pages\/149\/revisions"}],"predecessor-version":[{"id":213,"href":"https:\/\/zmiana.cc\/index.php\/wp-json\/wp\/v2\/pages\/149\/revisions\/213"}],"wp:featuredmedia":[{"embeddable":true,"href":"https:\/\/zmiana.cc\/index.php\/wp-json\/wp\/v2\/media\/191"}],"wp:attachment":[{"href":"https:\/\/zmiana.cc\/index.php\/wp-json\/wp\/v2\/media?parent=149"}],"curies":[{"name":"wp","href":"https:\/\/api.w.org\/{rel}","templated":true}]}}