{"id":37,"date":"2022-02-09T16:58:12","date_gmt":"2022-02-09T16:58:12","guid":{"rendered":"https:\/\/zmiana.cc\/?page_id=37"},"modified":"2026-05-11T16:28:11","modified_gmt":"2026-05-11T16:28:11","slug":"contact","status":"publish","type":"page","link":"https:\/\/zmiana.cc\/index.php\/contact\/","title":{"rendered":"Kontakt"},"content":{"rendered":"<nav class=\"wp-block-navigation is-layout-flex wp-block-navigation-is-layout-flex\" aria-label=\"Social Links Menu\"><ul class=\"wp-block-navigation__container  wp-block-navigation\"><li class=\" wp-block-navigation-item wp-block-navigation-link\"><a class=\"wp-block-navigation-item__content\"  href=\"mailto:andrzej.kowalczuk@zmiana.cc\"><span class=\"wp-block-navigation-item__label\"><strong>Um\u00f3w 30 minutow\u0105 rozmow\u0119 diagnostyczn\u0105<\/strong><\/span><\/a><\/li><\/ul><\/nav>\n\n\n<p>e-mail: andrzej.kowalczuk@zmiana.cc<\/p>\n\n\n\n<p>tel. +48 668 874 977<\/p>\n\n\n\n<p>wideokonferencje na MS Teams:  admin@kronosandrzejkowalczuk.onmicrosoft.com<\/p>\n\n\n\n<p><\/p>\n","protected":false},"excerpt":{"rendered":"<p>e-mail: andrzej.kowalczuk@zmiana.cc tel. +48 668 874 977 wideokonferencje na MS Teams: admin@kronosandrzejkowalczuk.onmicrosoft.com<\/p>\n","protected":false},"author":1,"featured_media":29,"parent":0,"menu_order":0,"comment_status":"closed","ping_status":"closed","template":"","meta":{"footnotes":""},"class_list":["post-37","page","type-page","status-publish","has-post-thumbnail","hentry"],"_links":{"self":[{"href":"https:\/\/zmiana.cc\/index.php\/wp-json\/wp\/v2\/pages\/37","targetHints":{"allow":["GET"]}}],"collection":[{"href":"https:\/\/zmiana.cc\/index.php\/wp-json\/wp\/v2\/pages"}],"about":[{"href":"https:\/\/zmiana.cc\/index.php\/wp-json\/wp\/v2\/types\/page"}],"author":[{"embeddable":true,"href":"https:\/\/zmiana.cc\/index.php\/wp-json\/wp\/v2\/users\/1"}],"replies":[{"embeddable":true,"href":"https:\/\/zmiana.cc\/index.php\/wp-json\/wp\/v2\/comments?post=37"}],"version-history":[{"count":12,"href":"https:\/\/zmiana.cc\/index.php\/wp-json\/wp\/v2\/pages\/37\/revisions"}],"predecessor-version":[{"id":215,"href":"https:\/\/zmiana.cc\/index.php\/wp-json\/wp\/v2\/pages\/37\/revisions\/215"}],"wp:featuredmedia":[{"embeddable":true,"href":"https:\/\/zmiana.cc\/index.php\/wp-json\/wp\/v2\/media\/29"}],"wp:attachment":[{"href":"https:\/\/zmiana.cc\/index.php\/wp-json\/wp\/v2\/media?parent=37"}],"curies":[{"name":"wp","href":"https:\/\/api.w.org\/{rel}","templated":true}]}}