{"id":39,"date":"2022-02-09T16:58:12","date_gmt":"2022-02-09T16:58:12","guid":{"rendered":"https:\/\/zmiana.cc\/?page_id=39"},"modified":"2026-05-11T16:27:00","modified_gmt":"2026-05-11T16:27:00","slug":"a-homepage-section","status":"publish","type":"page","link":"https:\/\/zmiana.cc\/index.php\/a-homepage-section\/","title":{"rendered":"Co zyskujesz"},"content":{"rendered":"\n<p><strong>ETAP 1 \u2014 Audyt Zarz\u0105dzania Operacyjnego (co tu si\u0119 dzieje)<\/strong><\/p>\n\n\n\n<p>Analizuj\u0119:<\/p>\n\n\n\n<ul class=\"wp-block-list\">\n<li>przep\u0142yw informacji,<\/li>\n\n\n\n<li>procesy,<\/li>\n\n\n\n<li>KPI,<\/li>\n\n\n\n<li>komunikacj\u0119,<\/li>\n\n\n\n<li>ERP,<\/li>\n\n\n\n<li>produkcj\u0119,<\/li>\n\n\n\n<li>struktur\u0119 odpowiedzialno\u015bci,<\/li>\n\n\n\n<li>w\u0105skie gard\u0142a.<\/li>\n<\/ul>\n\n\n\n<p>Otrzymujesz:<\/p>\n\n\n\n<ul class=\"wp-block-list\">\n<li>mapa problem\u00f3w,<\/li>\n\n\n\n<li>lista strat,<\/li>\n\n\n\n<li>szybkie wygrane,<\/li>\n\n\n\n<li>plan dzia\u0142a\u0144 <\/li>\n<\/ul>\n\n\n\n<p><strong>ETAP 2 \u2014 Szybkie usprawnienia (wdra\u017cam z twoimi lud\u017ami zmiany)<\/strong><\/p>\n\n\n\n<p>Otrzymujesz:<\/p>\n\n\n\n<ul class=\"wp-block-list\">\n<li>KPI,<\/li>\n\n\n\n<li>dashboardy,<\/li>\n\n\n\n<li>organizacja spotka\u0144,<\/li>\n\n\n\n<li>standardy pracy,<\/li>\n\n\n\n<li>wizualizacja produkcji,<\/li>\n\n\n\n<li>usprawnienia ERP,<\/li>\n\n\n\n<li>przep\u0142yw zlece\u0144.<\/li>\n<\/ul>\n\n\n\n<p><strong>ETAP 3 \u2014 Transformacja operacyjna (przekazuj\u0119 narz\u0119dzia do wykorzystania w nowej rzeczywisto\u015bci)<\/strong><\/p>\n\n\n\n<p>Otrzymujesz:<\/p>\n\n\n\n<ul class=\"wp-block-list\">\n<li>Praktyczne narz\u0119dzia do radzenia sobie z marnotrawstwami (Lean)<\/li>\n\n\n\n<li>Wskaz\u00f3wki jak identyfikowa\u0107 najwa\u017cniejsze zasoby i jak maksymalizowa\u0107 ich wykorzystanie (TOC)<\/li>\n\n\n\n<li>Reorganizacja i rozw\u00f3j lider\u00f3w,<\/li>\n\n\n\n<li>kultura organizacyjna.<\/li>\n<\/ul>\n\n\n\n<p>Ciekawe?<\/p>\n\n\n<nav class=\"wp-block-navigation is-layout-flex wp-block-navigation-is-layout-flex\" aria-label=\"Social Links Menu\"><ul class=\"wp-block-navigation__container  wp-block-navigation\"><li class=\" wp-block-navigation-item wp-block-navigation-link\"><a class=\"wp-block-navigation-item__content\"  href=\"mailto:andrzej.kowalczuk@zmiana.cc\"><span class=\"wp-block-navigation-item__label\"><strong>Um\u00f3w 30 minutow\u0105 rozmow\u0119 diagnostyczn\u0105<\/strong><\/span><\/a><\/li><\/ul><\/nav>\n\n\n<p><\/p>\n","protected":false},"excerpt":{"rendered":"<p>ETAP 1 \u2014 Audyt Zarz\u0105dzania Operacyjnego (co tu si\u0119 dzieje) Analizuj\u0119: Otrzymujesz: ETAP 2 \u2014 Szybkie usprawnienia (wdra\u017cam z twoimi lud\u017ami zmiany) Otrzymujesz: ETAP 3 \u2014 Transformacja operacyjna (przekazuj\u0119 narz\u0119dzia do wykorzystania w nowej rzeczywisto\u015bci) Otrzymujesz: Ciekawe?<\/p>\n","protected":false},"author":1,"featured_media":188,"parent":0,"menu_order":0,"comment_status":"closed","ping_status":"closed","template":"","meta":{"footnotes":""},"class_list":["post-39","page","type-page","status-publish","has-post-thumbnail","hentry"],"_links":{"self":[{"href":"https:\/\/zmiana.cc\/index.php\/wp-json\/wp\/v2\/pages\/39","targetHints":{"allow":["GET"]}}],"collection":[{"href":"https:\/\/zmiana.cc\/index.php\/wp-json\/wp\/v2\/pages"}],"about":[{"href":"https:\/\/zmiana.cc\/index.php\/wp-json\/wp\/v2\/types\/page"}],"author":[{"embeddable":true,"href":"https:\/\/zmiana.cc\/index.php\/wp-json\/wp\/v2\/users\/1"}],"replies":[{"embeddable":true,"href":"https:\/\/zmiana.cc\/index.php\/wp-json\/wp\/v2\/comments?post=39"}],"version-history":[{"count":12,"href":"https:\/\/zmiana.cc\/index.php\/wp-json\/wp\/v2\/pages\/39\/revisions"}],"predecessor-version":[{"id":212,"href":"https:\/\/zmiana.cc\/index.php\/wp-json\/wp\/v2\/pages\/39\/revisions\/212"}],"wp:featuredmedia":[{"embeddable":true,"href":"https:\/\/zmiana.cc\/index.php\/wp-json\/wp\/v2\/media\/188"}],"wp:attachment":[{"href":"https:\/\/zmiana.cc\/index.php\/wp-json\/wp\/v2\/media?parent=39"}],"curies":[{"name":"wp","href":"https:\/\/api.w.org\/{rel}","templated":true}]}}