{"id":43,"date":"2022-02-09T16:58:12","date_gmt":"2022-02-09T16:58:12","guid":{"rendered":"https:\/\/zmiana.cc\/?page_id=43"},"modified":"2026-05-11T14:12:06","modified_gmt":"2026-05-11T14:12:06","slug":"kot-schroedingera","status":"publish","type":"page","link":"https:\/\/zmiana.cc\/","title":{"rendered":"Kot Schroedingera"},"content":{"rendered":"\n<p><strong>Czy Twoja firma naprawd\u0119 dzia\u0142a tak dobrze, jak to zaplanowa\u0142e\u015b?<\/strong><\/p>\n\n\n\n<p>Wi\u0119kszo\u015b\u0107 firm bardzo dobrze radzi sobie z tym, co tworzy warto\u015b\u0107 dla klienta. Znaj\u0105 sw\u00f3j produkt. Znaj\u0105 technologi\u0119. Potrafi\u0105 wykonywa\u0107 swoj\u0105 specjalistyczn\u0105 prac\u0119.<\/p>\n\n\n\n<p>Jednocze\u015bnie firmy nie radz\u0105 sobie z problemami pojawiaj\u0105cymi si\u0119 gdzie indziej.<\/p>\n\n\n\n<ul class=\"wp-block-list\">\n<li>Mi\u0119dzy dzia\u0142ami.<\/li>\n\n\n\n<li>W oczekiwaniu.<\/li>\n\n\n\n<li>W poprawkach.<\/li>\n\n\n\n<li>W gaszeniu problem\u00f3w.<\/li>\n\n\n\n<li>W ci\u0105g\u0142ym \u201eza chwil\u0119\u201d.<\/li>\n\n\n\n<li>W pracy, kt\u00f3ra nie tworzy warto\u015bci, ale codziennie poch\u0142ania czas, energi\u0119 i pieni\u0105dze. To w\u0142a\u015bnie tam organizacje najcz\u0119\u015bciej si\u0119 gubi\u0105<\/li>\n<\/ul>\n\n\n\n<p>To w\u0142a\u015bnie tam organizacje najcz\u0119\u015bciej si\u0119 gubi\u0105.<\/p>\n\n\n\n<p>Podobnie jak w s\u0142ynnym eksperymencie Schr\u00f6dingera, firma mo\u017ce jednocze\u015bnie:<\/p>\n\n\n\n<ul class=\"wp-block-list\">\n<li>posiada\u0107 ogromny potencja\u0142<\/li>\n\n\n\n<li>i r\u00f3wnocze\u015bnie traci\u0107 zdolno\u015b\u0107 do rozwoju<\/li>\n<\/ul>\n\n\n\n<p>Potrzebny jest kto\u015b, kto otworzy pud\u0142o i bez uprzedze\u0144 zajrzy do \u015brodka<\/p>\n\n\n\n<p><strong>\u0141\u0105cz\u0119 operacje, ludzi, procesy i dane.<\/strong><\/p>\n","protected":false},"excerpt":{"rendered":"<p>Czy Twoja firma naprawd\u0119 dzia\u0142a tak dobrze, jak to zaplanowa\u0142e\u015b? Wi\u0119kszo\u015b\u0107 firm bardzo dobrze radzi sobie z tym, co tworzy warto\u015b\u0107 dla klienta. Znaj\u0105 sw\u00f3j produkt. Znaj\u0105 technologi\u0119. Potrafi\u0105 wykonywa\u0107 swoj\u0105 specjalistyczn\u0105 prac\u0119. Jednocze\u015bnie firmy nie radz\u0105 sobie z problemami pojawiaj\u0105cymi si\u0119 gdzie indziej. To w\u0142a\u015bnie tam organizacje najcz\u0119\u015bciej si\u0119 gubi\u0105. Podobnie jak w s\u0142ynnym &hellip; <\/p>\n<p class=\"link-more\"><a href=\"https:\/\/zmiana.cc\/\" class=\"more-link\">Continue reading<span class=\"screen-reader-text\"> &#8220;Kot Schroedingera&#8221;<\/span><\/a><\/p>\n","protected":false},"author":1,"featured_media":0,"parent":0,"menu_order":0,"comment_status":"closed","ping_status":"closed","template":"","meta":{"footnotes":""},"class_list":["post-43","page","type-page","status-publish","hentry"],"_links":{"self":[{"href":"https:\/\/zmiana.cc\/index.php\/wp-json\/wp\/v2\/pages\/43","targetHints":{"allow":["GET"]}}],"collection":[{"href":"https:\/\/zmiana.cc\/index.php\/wp-json\/wp\/v2\/pages"}],"about":[{"href":"https:\/\/zmiana.cc\/index.php\/wp-json\/wp\/v2\/types\/page"}],"author":[{"embeddable":true,"href":"https:\/\/zmiana.cc\/index.php\/wp-json\/wp\/v2\/users\/1"}],"replies":[{"embeddable":true,"href":"https:\/\/zmiana.cc\/index.php\/wp-json\/wp\/v2\/comments?post=43"}],"version-history":[{"count":10,"href":"https:\/\/zmiana.cc\/index.php\/wp-json\/wp\/v2\/pages\/43\/revisions"}],"predecessor-version":[{"id":183,"href":"https:\/\/zmiana.cc\/index.php\/wp-json\/wp\/v2\/pages\/43\/revisions\/183"}],"wp:attachment":[{"href":"https:\/\/zmiana.cc\/index.php\/wp-json\/wp\/v2\/media?parent=43"}],"curies":[{"name":"wp","href":"https:\/\/api.w.org\/{rel}","templated":true}]}}